{"id":50,"date":"2020-04-24T10:32:13","date_gmt":"2020-04-24T10:32:13","guid":{"rendered":"https:\/\/frupalina.is\/?page_id=50"},"modified":"2022-07-06T14:30:51","modified_gmt":"2022-07-06T14:30:51","slug":"size-guide","status":"publish","type":"page","link":"https:\/\/www.frupalina.is\/is\/size-guide\/","title":{"rendered":"St\u00e6r\u00f0atafla"},"content":{"rendered":"<div class=\"wp-block-image\">\n<figure class=\"aligncenter size-large\"><img loading=\"lazy\" decoding=\"async\" width=\"1024\" height=\"529\" src=\"https:\/\/www.frupalina.is\/wp-content\/uploads\/2022\/07\/Staerdartafla-1-1024x529.jpg\" alt=\"\" class=\"wp-image-450\" srcset=\"https:\/\/www.frupalina.is\/wp-content\/uploads\/2022\/07\/Staerdartafla-1-1024x529.jpg 1024w, https:\/\/www.frupalina.is\/wp-content\/uploads\/2022\/07\/Staerdartafla-1-300x155.jpg 300w, https:\/\/www.frupalina.is\/wp-content\/uploads\/2022\/07\/Staerdartafla-1-768x396.jpg 768w, https:\/\/www.frupalina.is\/wp-content\/uploads\/2022\/07\/Staerdartafla-1-1536x793.jpg 1536w, https:\/\/www.frupalina.is\/wp-content\/uploads\/2022\/07\/Staerdartafla-1-501x259.jpg 501w, https:\/\/www.frupalina.is\/wp-content\/uploads\/2022\/07\/Staerdartafla-1.jpg 2048w\" sizes=\"auto, (max-width: 1024px) 100vw, 1024px\" \/><figcaption>Allar st\u00e6r\u00f0ir eru til vi\u00f0mi\u00f0unar, ulll er lifandi efni og getur veri\u00f0 munur milli peysur.<\/figcaption><\/figure>\n<\/div>\n\n\n<p class=\"has-text-align-center\"><strong>XS:<\/strong>  Nr 1 = 67 cm &#8211; Nr 2 = 106 cm &#8211; Nr 3 =64<\/p>\n\n\n\n<p class=\"has-text-align-center\"><strong>S:<\/strong> Nr 1 = 70 cm &#8211; Nr 2 = 110 cm &#8211; Nr 3 = 66<\/p>\n\n\n\n<p class=\"has-text-align-center\"><strong>M:<\/strong> Nr 1 = 73 cm &#8211; Nr 2 = 120 cm &#8211; Nr 3 = 68<\/p>\n\n\n\n<p class=\"has-text-align-center\"><strong>L:<\/strong> Nr 1 = 74 cm &#8211; Nr 2 = 128 cm &#8211; Nr 3 = 70<\/p>\n\n\n\n<p class=\"has-text-align-center\"><strong>XL:<\/strong> Nr 1 = 77 cm &#8211; Nr 2 = 132 cm &#8211; Nr 3 = 72<\/p>\n\n\n\n<p><\/p>\n\n\n\n<p><\/p>\n","protected":false},"excerpt":{"rendered":"<p>XS: Nr 1 = 67 cm &#8211; Nr 2 = 106 cm &#8211; Nr 3 =64 S: Nr 1 = 70 cm &#8211; Nr 2 = 110 cm &#8211; Nr 3 = 66 M: Nr 1 = 73 cm &#8211; Nr 2 = 120 cm &#8211; Nr 3 = 68 L: Nr 1 = 74 [&hellip;]<\/p>\n","protected":false},"author":1,"featured_media":0,"parent":0,"menu_order":0,"comment_status":"closed","ping_status":"closed","template":"","meta":{"footnotes":""},"class_list":["post-50","page","type-page","status-publish","hentry"],"yoast_head":"<!-- This site is optimized with the Yoast SEO plugin v21.9.1 - https:\/\/yoast.com\/wordpress\/plugins\/seo\/ -->\n<title>St\u00e6r\u00f0atafla - Fr\u00fa P\u00e1l\u00edna<\/title>\n<meta name=\"robots\" content=\"index, follow, max-snippet:-1, max-image-preview:large, max-video-preview:-1\" \/>\n<link rel=\"canonical\" href=\"https:\/\/www.frupalina.is\/size-guide\/\" \/>\n<meta property=\"og:locale\" content=\"is_IS\" \/>\n<meta property=\"og:type\" content=\"article\" \/>\n<meta property=\"og:title\" content=\"St\u00e6r\u00f0atafla\" \/>\n<meta property=\"og:description\" content=\"XS: Nr 1 = 67 cm &#8211; Nr 2 = 106 cm &#8211; Nr 3 =64 S: Nr 1 = 70 cm &#8211; Nr 2 = 110 cm &#8211; Nr 3 = 66 M: Nr 1 = 73 cm &#8211; Nr 2 = 120 cm &#8211; Nr 3 = 68 L: Nr 1 = 74 [&hellip;]\" \/>\n<meta property=\"og:url\" content=\"https:\/\/www.frupalina.is\/size-guide\/\" \/>\n<meta property=\"og:site_name\" content=\"Fr\u00fa P\u00e1l\u00edna\" \/>\n<meta property=\"article:modified_time\" content=\"2022-07-06T14:30:51+00:00\" \/>\n<meta property=\"og:image\" content=\"https:\/\/www.frupalina.is\/wp-content\/uploads\/2022\/07\/Staerdartafla-1-1024x529.jpg\" \/>\n<meta name=\"twitter:card\" content=\"summary_large_image\" \/>\n<meta name=\"twitter:label1\" content=\"Est. reading time\" \/>\n\t<meta name=\"twitter:data1\" content=\"1 minute\" \/>\n<script type=\"application\/ld+json\" class=\"yoast-schema-graph\">{\"@context\":\"https:\/\/schema.org\",\"@graph\":[{\"@type\":\"WebPage\",\"@id\":\"https:\/\/www.frupalina.is\/size-guide\/\",\"url\":\"https:\/\/www.frupalina.is\/size-guide\/\",\"name\":\"[:en]Size guide[:is]St\u00e6r\u00f0atafla[:] - Fr\u00fa P\u00e1l\u00edna\",\"isPartOf\":{\"@id\":\"https:\/\/www.frupalina.is\/#website\"},\"datePublished\":\"2020-04-24T10:32:13+00:00\",\"dateModified\":\"2022-07-06T14:30:51+00:00\",\"breadcrumb\":{\"@id\":\"https:\/\/www.frupalina.is\/size-guide\/#breadcrumb\"},\"inLanguage\":\"is-IS\",\"potentialAction\":[{\"@type\":\"ReadAction\",\"target\":[\"https:\/\/www.frupalina.is\/size-guide\/\"]}]},{\"@type\":\"BreadcrumbList\",\"@id\":\"https:\/\/www.frupalina.is\/size-guide\/#breadcrumb\",\"itemListElement\":[{\"@type\":\"ListItem\",\"position\":1,\"name\":\"Home\",\"item\":\"https:\/\/www.frupalina.is\/\"},{\"@type\":\"ListItem\",\"position\":2,\"name\":\"Size guide\"}]},{\"@type\":\"WebSite\",\"@id\":\"https:\/\/www.frupalina.is\/#website\",\"url\":\"https:\/\/www.frupalina.is\/\",\"name\":\"Fr\u00fa P\u00e1l\u00edna\",\"description\":\"\u00cdslensk H\u00f6nnun, \u00cdslenskt Handverk.\",\"publisher\":{\"@id\":\"https:\/\/www.frupalina.is\/#organization\"},\"potentialAction\":[{\"@type\":\"SearchAction\",\"target\":{\"@type\":\"EntryPoint\",\"urlTemplate\":\"https:\/\/www.frupalina.is\/?s={search_term_string}\"},\"query-input\":\"required name=search_term_string\"}],\"inLanguage\":\"is-IS\"},{\"@type\":\"Organization\",\"@id\":\"https:\/\/www.frupalina.is\/#organization\",\"name\":\"Fr\u00fa P\u00e1l\u00edna\",\"url\":\"https:\/\/www.frupalina.is\/\",\"logo\":{\"@type\":\"ImageObject\",\"inLanguage\":\"is-IS\",\"@id\":\"https:\/\/www.frupalina.is\/#\/schema\/logo\/image\/\",\"url\":\"https:\/\/www.frupalina.is\/wp-content\/uploads\/2020\/03\/logo-small.png\",\"contentUrl\":\"https:\/\/www.frupalina.is\/wp-content\/uploads\/2020\/03\/logo-small.png\",\"width\":390,\"height\":145,\"caption\":\"Fr\u00fa P\u00e1l\u00edna\"},\"image\":{\"@id\":\"https:\/\/www.frupalina.is\/#\/schema\/logo\/image\/\"}}]}<\/script>\n<!-- \/ Yoast SEO plugin. -->","yoast_head_json":{"title":"St\u00e6r\u00f0atafla - Fr\u00fa P\u00e1l\u00edna","robots":{"index":"index","follow":"follow","max-snippet":"max-snippet:-1","max-image-preview":"max-image-preview:large","max-video-preview":"max-video-preview:-1"},"canonical":"https:\/\/www.frupalina.is\/size-guide\/","og_locale":"is_IS","og_type":"article","og_title":"[:en]Size guide[:is]St\u00e6r\u00f0atafla[:] - Fr\u00fa P\u00e1l\u00edna","og_description":"XS: Nr 1 = 67 cm &#8211; Nr 2 = 106 cm &#8211; Nr 3 =64 S: Nr 1 = 70 cm &#8211; Nr 2 = 110 cm &#8211; Nr 3 = 66 M: Nr 1 = 73 cm &#8211; Nr 2 = 120 cm &#8211; Nr 3 = 68 L: Nr 1 = 74 [&hellip;]","og_url":"https:\/\/www.frupalina.is\/size-guide\/","og_site_name":"Fr\u00fa P\u00e1l\u00edna","article_modified_time":"2022-07-06T14:30:51+00:00","og_image":[{"url":"https:\/\/www.frupalina.is\/wp-content\/uploads\/2022\/07\/Staerdartafla-1-1024x529.jpg"}],"twitter_card":"summary_large_image","twitter_misc":{"Est. reading time":"1 minute"},"schema":{"@context":"https:\/\/schema.org","@graph":[{"@type":"WebPage","@id":"https:\/\/www.frupalina.is\/size-guide\/","url":"https:\/\/www.frupalina.is\/size-guide\/","name":"[:en]Size guide[:is]St\u00e6r\u00f0atafla[:] - Fr\u00fa P\u00e1l\u00edna","isPartOf":{"@id":"https:\/\/www.frupalina.is\/#website"},"datePublished":"2020-04-24T10:32:13+00:00","dateModified":"2022-07-06T14:30:51+00:00","breadcrumb":{"@id":"https:\/\/www.frupalina.is\/size-guide\/#breadcrumb"},"inLanguage":"is-IS","potentialAction":[{"@type":"ReadAction","target":["https:\/\/www.frupalina.is\/size-guide\/"]}]},{"@type":"BreadcrumbList","@id":"https:\/\/www.frupalina.is\/size-guide\/#breadcrumb","itemListElement":[{"@type":"ListItem","position":1,"name":"Home","item":"https:\/\/www.frupalina.is\/"},{"@type":"ListItem","position":2,"name":"Size guide"}]},{"@type":"WebSite","@id":"https:\/\/www.frupalina.is\/#website","url":"https:\/\/www.frupalina.is\/","name":"Fr\u00fa P\u00e1l\u00edna","description":"\u00cdslensk H\u00f6nnun, \u00cdslenskt Handverk.","publisher":{"@id":"https:\/\/www.frupalina.is\/#organization"},"potentialAction":[{"@type":"SearchAction","target":{"@type":"EntryPoint","urlTemplate":"https:\/\/www.frupalina.is\/?s={search_term_string}"},"query-input":"required name=search_term_string"}],"inLanguage":"is-IS"},{"@type":"Organization","@id":"https:\/\/www.frupalina.is\/#organization","name":"Fr\u00fa P\u00e1l\u00edna","url":"https:\/\/www.frupalina.is\/","logo":{"@type":"ImageObject","inLanguage":"is-IS","@id":"https:\/\/www.frupalina.is\/#\/schema\/logo\/image\/","url":"https:\/\/www.frupalina.is\/wp-content\/uploads\/2020\/03\/logo-small.png","contentUrl":"https:\/\/www.frupalina.is\/wp-content\/uploads\/2020\/03\/logo-small.png","width":390,"height":145,"caption":"Fr\u00fa P\u00e1l\u00edna"},"image":{"@id":"https:\/\/www.frupalina.is\/#\/schema\/logo\/image\/"}}]}},"jetpack_sharing_enabled":true,"_links":{"self":[{"href":"https:\/\/www.frupalina.is\/is\/wp-json\/wp\/v2\/pages\/50","targetHints":{"allow":["GET"]}}],"collection":[{"href":"https:\/\/www.frupalina.is\/is\/wp-json\/wp\/v2\/pages"}],"about":[{"href":"https:\/\/www.frupalina.is\/is\/wp-json\/wp\/v2\/types\/page"}],"author":[{"embeddable":true,"href":"https:\/\/www.frupalina.is\/is\/wp-json\/wp\/v2\/users\/1"}],"replies":[{"embeddable":true,"href":"https:\/\/www.frupalina.is\/is\/wp-json\/wp\/v2\/comments?post=50"}],"version-history":[{"count":6,"href":"https:\/\/www.frupalina.is\/is\/wp-json\/wp\/v2\/pages\/50\/revisions"}],"predecessor-version":[{"id":456,"href":"https:\/\/www.frupalina.is\/is\/wp-json\/wp\/v2\/pages\/50\/revisions\/456"}],"wp:attachment":[{"href":"https:\/\/www.frupalina.is\/is\/wp-json\/wp\/v2\/media?parent=50"}],"curies":[{"name":"wp","href":"https:\/\/api.w.org\/{rel}","templated":true}]}}