{"id":233,"date":"2022-07-05T10:25:06","date_gmt":"2022-07-05T10:25:06","guid":{"rendered":"https:\/\/www.frupalina.is\/is\/?post_type=product&#038;p=233"},"modified":"2022-07-12T00:01:01","modified_gmt":"2022-07-12T00:01:01","slug":"jokull-hufa","status":"publish","type":"product","link":"https:\/\/www.frupalina.is\/is\/product\/jokull-hufa\/","title":{"rendered":"J\u00f6kull H\u00fafa"},"content":{"rendered":"<p>Fr\u00fa P\u00e1l\u00edna hannar ullarv\u00f6rur \u00far \u00edslenskri ull. Spunnin og prj\u00f3nu\u00f0 ullarvo\u00f0 ver\u00f0ur a\u00f0 l\u00e9ttum og fallegum fl\u00edkum. N\u00e1tt\u00faru\u00f6flin eru innbl\u00e1stur a\u00f0 h\u00f6nnuninni og eru verkin til hei\u00f0urs n\u00e1tt\u00farunni.<\/p>\n<ul>\n<li>100% \u00cdslensk ull<\/li>\n<li>100% \u00cdslenskt handverk<\/li>\n<li>Made @ home<\/li>\n<\/ul>\n<p>\u00cdslenska ullin er umhverfisv\u00e6n, hl\u00fd\u00a0 \u00ed kulda, sv\u00f6l \u00ed hita, alltaf m\u00e1tuleg fyrir \u00feig.<\/p>\n","protected":false},"excerpt":{"rendered":"<p>H\u00e1ir fjallatindar, \u00eds og klaki \u00ed undurfallegum bl\u00e1um t\u00f3num &#8211; J\u00f6kull handa \u00fe\u00e9r. J\u00f6kull h\u00fafur eru fallegar og hl\u00fdjar h\u00fafur \u00far \u00edslenskri ull,\u00a0 me\u00f0 fl\u00eds kant innan \u00ed og skreyttir me\u00f0 handger\u00f0u munstri. Fallegar h\u00fafur fyrir alla.<\/p>\n<p><strong>Grunnlitur:<\/strong>\u00a0 Bl\u00e1r<\/p>\n<p><strong>\u00devottur:\u00a0<\/strong>\u00a0Hand\u00fevottur \u00e1 30\u00b0,\u00a0 vindi\u00f0 varlega og leggi\u00f0 flatt til \u00feerris.<\/p>\n","protected":false},"featured_media":236,"template":"","meta":[],"product_cat":[42],"product_tag":[47],"class_list":["post-233","product","type-product","status-publish","has-post-thumbnail","hentry","product_cat-hufur","product_tag-jokull"],"yoast_head":"<!-- This site is optimized with the Yoast SEO plugin v21.9.1 - https:\/\/yoast.com\/wordpress\/plugins\/seo\/ -->\n<title>J\u00f6kull H\u00fafa - Fr\u00fa P\u00e1l\u00edna<\/title>\n<meta name=\"description\" content=\"Fr\u00fa P\u00e1l\u00edna designs\u00a0 wool products from Icelandic wool. The spun and knitted wool becomes a\u00a0 light and beautiful garment.\" \/>\n<meta name=\"robots\" content=\"index, follow, max-snippet:-1, max-image-preview:large, max-video-preview:-1\" \/>\n<link rel=\"canonical\" href=\"https:\/\/www.frupalina.is\/product\/jokull-hufa\/\" \/>\n<meta property=\"og:locale\" content=\"is_IS\" \/>\n<meta property=\"og:type\" content=\"article\" \/>\n<meta property=\"og:title\" content=\"J\u00f6kull H\u00fafa\" \/>\n<meta property=\"og:description\" content=\"Fr\u00fa P\u00e1l\u00edna designs\u00a0 wool products from Icelandic wool. The spun and knitted wool becomes a\u00a0 light and beautiful garment.\" \/>\n<meta property=\"og:url\" content=\"https:\/\/www.frupalina.is\/product\/jokull-hufa\/\" \/>\n<meta property=\"og:site_name\" content=\"Fr\u00fa P\u00e1l\u00edna\" \/>\n<meta property=\"article:modified_time\" content=\"2022-07-12T00:01:01+00:00\" \/>\n<meta property=\"og:image\" content=\"https:\/\/www.frupalina.is\/wp-content\/uploads\/2022\/07\/Fru-Palina-120.jpg\" \/>\n\t<meta property=\"og:image:width\" content=\"2048\" \/>\n\t<meta property=\"og:image:height\" content=\"1487\" \/>\n\t<meta property=\"og:image:type\" content=\"image\/jpeg\" \/>\n<meta name=\"twitter:card\" content=\"summary_large_image\" \/>\n<meta name=\"twitter:label1\" content=\"Est. reading time\" \/>\n\t<meta name=\"twitter:data1\" content=\"1 minute\" \/>\n<script type=\"application\/ld+json\" class=\"yoast-schema-graph\">{\"@context\":\"https:\/\/schema.org\",\"@graph\":[{\"@type\":\"WebPage\",\"@id\":\"https:\/\/www.frupalina.is\/product\/jokull-hufa\/\",\"url\":\"https:\/\/www.frupalina.is\/product\/jokull-hufa\/\",\"name\":\"[:en]Glacier Hat[:is]J\u00f6kull H\u00fafa[:] - Fr\u00fa P\u00e1l\u00edna\",\"isPartOf\":{\"@id\":\"https:\/\/www.frupalina.is\/#website\"},\"datePublished\":\"2022-07-05T10:25:06+00:00\",\"dateModified\":\"2022-07-12T00:01:01+00:00\",\"description\":\"Fr\u00fa P\u00e1l\u00edna designs\u00a0 wool products from Icelandic wool. The spun and knitted wool becomes a\u00a0 light and beautiful garment.\",\"breadcrumb\":{\"@id\":\"https:\/\/www.frupalina.is\/product\/jokull-hufa\/#breadcrumb\"},\"inLanguage\":\"is-IS\",\"potentialAction\":[{\"@type\":\"ReadAction\",\"target\":[\"https:\/\/www.frupalina.is\/product\/jokull-hufa\/\"]}]},{\"@type\":\"BreadcrumbList\",\"@id\":\"https:\/\/www.frupalina.is\/product\/jokull-hufa\/#breadcrumb\",\"itemListElement\":[{\"@type\":\"ListItem\",\"position\":1,\"name\":\"Home\",\"item\":\"https:\/\/www.frupalina.is\/\"},{\"@type\":\"ListItem\",\"position\":2,\"name\":\"Shop\",\"item\":\"https:\/\/www.frupalina.is\/\"},{\"@type\":\"ListItem\",\"position\":3,\"name\":\"Glacier Hat\"}]},{\"@type\":\"WebSite\",\"@id\":\"https:\/\/www.frupalina.is\/#website\",\"url\":\"https:\/\/www.frupalina.is\/\",\"name\":\"Fr\u00fa P\u00e1l\u00edna\",\"description\":\"\u00cdslensk H\u00f6nnun, \u00cdslenskt Handverk.\",\"publisher\":{\"@id\":\"https:\/\/www.frupalina.is\/#organization\"},\"potentialAction\":[{\"@type\":\"SearchAction\",\"target\":{\"@type\":\"EntryPoint\",\"urlTemplate\":\"https:\/\/www.frupalina.is\/?s={search_term_string}\"},\"query-input\":\"required name=search_term_string\"}],\"inLanguage\":\"is-IS\"},{\"@type\":\"Organization\",\"@id\":\"https:\/\/www.frupalina.is\/#organization\",\"name\":\"Fr\u00fa P\u00e1l\u00edna\",\"url\":\"https:\/\/www.frupalina.is\/\",\"logo\":{\"@type\":\"ImageObject\",\"inLanguage\":\"is-IS\",\"@id\":\"https:\/\/www.frupalina.is\/#\/schema\/logo\/image\/\",\"url\":\"https:\/\/www.frupalina.is\/wp-content\/uploads\/2020\/03\/logo-small.png\",\"contentUrl\":\"https:\/\/www.frupalina.is\/wp-content\/uploads\/2020\/03\/logo-small.png\",\"width\":390,\"height\":145,\"caption\":\"Fr\u00fa P\u00e1l\u00edna\"},\"image\":{\"@id\":\"https:\/\/www.frupalina.is\/#\/schema\/logo\/image\/\"}}]}<\/script>\n<!-- \/ Yoast SEO plugin. -->","yoast_head_json":{"title":"J\u00f6kull H\u00fafa - Fr\u00fa P\u00e1l\u00edna","description":"Fr\u00fa P\u00e1l\u00edna designs\u00a0 wool products from Icelandic wool. The spun and knitted wool becomes a\u00a0 light and beautiful garment.","robots":{"index":"index","follow":"follow","max-snippet":"max-snippet:-1","max-image-preview":"max-image-preview:large","max-video-preview":"max-video-preview:-1"},"canonical":"https:\/\/www.frupalina.is\/product\/jokull-hufa\/","og_locale":"is_IS","og_type":"article","og_title":"[:en]Glacier Hat[:is]J\u00f6kull H\u00fafa[:] - Fr\u00fa P\u00e1l\u00edna","og_description":"Fr\u00fa P\u00e1l\u00edna designs\u00a0 wool products from Icelandic wool. The spun and knitted wool becomes a\u00a0 light and beautiful garment.","og_url":"https:\/\/www.frupalina.is\/product\/jokull-hufa\/","og_site_name":"Fr\u00fa P\u00e1l\u00edna","article_modified_time":"2022-07-12T00:01:01+00:00","og_image":[{"width":2048,"height":1487,"url":"https:\/\/www.frupalina.is\/wp-content\/uploads\/2022\/07\/Fru-Palina-120.jpg","type":"image\/jpeg"}],"twitter_card":"summary_large_image","twitter_misc":{"Est. reading time":"1 minute"},"schema":{"@context":"https:\/\/schema.org","@graph":[{"@type":"WebPage","@id":"https:\/\/www.frupalina.is\/product\/jokull-hufa\/","url":"https:\/\/www.frupalina.is\/product\/jokull-hufa\/","name":"[:en]Glacier Hat[:is]J\u00f6kull H\u00fafa[:] - Fr\u00fa P\u00e1l\u00edna","isPartOf":{"@id":"https:\/\/www.frupalina.is\/#website"},"datePublished":"2022-07-05T10:25:06+00:00","dateModified":"2022-07-12T00:01:01+00:00","description":"Fr\u00fa P\u00e1l\u00edna designs\u00a0 wool products from Icelandic wool. The spun and knitted wool becomes a\u00a0 light and beautiful garment.","breadcrumb":{"@id":"https:\/\/www.frupalina.is\/product\/jokull-hufa\/#breadcrumb"},"inLanguage":"is-IS","potentialAction":[{"@type":"ReadAction","target":["https:\/\/www.frupalina.is\/product\/jokull-hufa\/"]}]},{"@type":"BreadcrumbList","@id":"https:\/\/www.frupalina.is\/product\/jokull-hufa\/#breadcrumb","itemListElement":[{"@type":"ListItem","position":1,"name":"Home","item":"https:\/\/www.frupalina.is\/"},{"@type":"ListItem","position":2,"name":"Shop","item":"https:\/\/www.frupalina.is\/"},{"@type":"ListItem","position":3,"name":"Glacier Hat"}]},{"@type":"WebSite","@id":"https:\/\/www.frupalina.is\/#website","url":"https:\/\/www.frupalina.is\/","name":"Fr\u00fa P\u00e1l\u00edna","description":"\u00cdslensk H\u00f6nnun, \u00cdslenskt Handverk.","publisher":{"@id":"https:\/\/www.frupalina.is\/#organization"},"potentialAction":[{"@type":"SearchAction","target":{"@type":"EntryPoint","urlTemplate":"https:\/\/www.frupalina.is\/?s={search_term_string}"},"query-input":"required name=search_term_string"}],"inLanguage":"is-IS"},{"@type":"Organization","@id":"https:\/\/www.frupalina.is\/#organization","name":"Fr\u00fa P\u00e1l\u00edna","url":"https:\/\/www.frupalina.is\/","logo":{"@type":"ImageObject","inLanguage":"is-IS","@id":"https:\/\/www.frupalina.is\/#\/schema\/logo\/image\/","url":"https:\/\/www.frupalina.is\/wp-content\/uploads\/2020\/03\/logo-small.png","contentUrl":"https:\/\/www.frupalina.is\/wp-content\/uploads\/2020\/03\/logo-small.png","width":390,"height":145,"caption":"Fr\u00fa P\u00e1l\u00edna"},"image":{"@id":"https:\/\/www.frupalina.is\/#\/schema\/logo\/image\/"}}]}},"jetpack_sharing_enabled":true,"_links":{"self":[{"href":"https:\/\/www.frupalina.is\/is\/wp-json\/wp\/v2\/product\/233","targetHints":{"allow":["GET"]}}],"collection":[{"href":"https:\/\/www.frupalina.is\/is\/wp-json\/wp\/v2\/product"}],"about":[{"href":"https:\/\/www.frupalina.is\/is\/wp-json\/wp\/v2\/types\/product"}],"wp:featuredmedia":[{"embeddable":true,"href":"https:\/\/www.frupalina.is\/is\/wp-json\/wp\/v2\/media\/236"}],"wp:attachment":[{"href":"https:\/\/www.frupalina.is\/is\/wp-json\/wp\/v2\/media?parent=233"}],"wp:term":[{"taxonomy":"product_cat","embeddable":true,"href":"https:\/\/www.frupalina.is\/is\/wp-json\/wp\/v2\/product_cat?post=233"},{"taxonomy":"product_tag","embeddable":true,"href":"https:\/\/www.frupalina.is\/is\/wp-json\/wp\/v2\/product_tag?post=233"}],"curies":[{"name":"wp","href":"https:\/\/api.w.org\/{rel}","templated":true}]}}