{"id":256,"date":"2022-07-05T11:14:42","date_gmt":"2022-07-05T11:14:42","guid":{"rendered":"https:\/\/www.frupalina.is\/is\/?post_type=product&#038;p=256"},"modified":"2022-07-12T00:01:01","modified_gmt":"2022-07-12T00:01:01","slug":"eyrarros-ennisband","status":"publish","type":"product","link":"https:\/\/www.frupalina.is\/is\/product\/eyrarros-ennisband\/","title":{"rendered":"Eyrarr\u00f3s Ennisband"},"content":{"rendered":"<p>Fr\u00fa P\u00e1l\u00edna hannar ullarv\u00f6rur \u00far \u00edslenskri ull. Spunnin og prj\u00f3nu\u00f0 ullarvo\u00f0 ver\u00f0ur a\u00f0 l\u00e9ttum og fallegum fl\u00edkum. N\u00e1tt\u00faru\u00f6flin eru innbl\u00e1stur a\u00f0 h\u00f6nnuninni og eru verkin til hei\u00f0urs n\u00e1tt\u00farunni.<\/p>\n<ul>\n<li>100% \u00cdslensk ull<\/li>\n<li>100% \u00cdslenskt handverk<\/li>\n<li>Made @ home<\/li>\n<\/ul>\n<p>Umhverfisv\u00e6nt, hl\u00fdtt\u00a0 \u00ed kulda, svalt \u00ed hita, alltaf m\u00e1tulegt fyrir \u00feig.<\/p>\n","protected":false},"excerpt":{"rendered":"<p>Svartir sandar svo langt sem auga\u00f0 eygir.. \u00fe\u00e1 birtast brei\u00f0ur me\u00f0 bleikum bl\u00f3mum. Eyrarr\u00f3s ennisband er fallegt og hl\u00fdtt ennisband \u00far \u00edslenskri ull, f\u00f3\u00f0ra\u00f0 me\u00f0 fl\u00eds og skreytt me\u00f0 handger\u00f0u munstri. Falleg ennisb\u00f6nd fyrir alla.<\/p>\n<p><strong>Grunnlitur:<\/strong>\u00a0 Bleikur<\/p>\n<p><strong>\u00devottur:\u00a0<\/strong>\u00a0Hand\u00fevottur \u00e1 30\u00b0,\u00a0 vindi\u00f0 varlega og leggi\u00f0 flatt til \u00feerris.<\/p>\n","protected":false},"featured_media":155,"template":"","meta":[],"product_cat":[43],"product_tag":[38],"class_list":["post-256","product","type-product","status-publish","has-post-thumbnail","hentry","product_cat-ennisband","product_tag-eyrarros"],"yoast_head":"<!-- This site is optimized with the Yoast SEO plugin v21.9.1 - https:\/\/yoast.com\/wordpress\/plugins\/seo\/ -->\n<title>Eyrarr\u00f3s Ennisband - Fr\u00fa P\u00e1l\u00edna<\/title>\n<meta name=\"description\" content=\"Fr\u00fa P\u00e1l\u00edna designs wool products from Icelandic wool. The spun and knitted wool becomes a light and beautiful garment.\" \/>\n<meta name=\"robots\" content=\"index, follow, max-snippet:-1, max-image-preview:large, max-video-preview:-1\" \/>\n<link rel=\"canonical\" href=\"https:\/\/www.frupalina.is\/product\/eyrarros-ennisband\/\" \/>\n<meta property=\"og:locale\" content=\"is_IS\" \/>\n<meta property=\"og:type\" content=\"article\" \/>\n<meta property=\"og:title\" content=\"Eyrarr\u00f3s Ennisband\" \/>\n<meta property=\"og:description\" content=\"Fr\u00fa P\u00e1l\u00edna designs wool products from Icelandic wool. The spun and knitted wool becomes a light and beautiful garment.\" \/>\n<meta property=\"og:url\" content=\"https:\/\/www.frupalina.is\/product\/eyrarros-ennisband\/\" \/>\n<meta property=\"og:site_name\" content=\"Fr\u00fa P\u00e1l\u00edna\" \/>\n<meta property=\"article:modified_time\" content=\"2022-07-12T00:01:01+00:00\" \/>\n<meta property=\"og:image\" content=\"https:\/\/www.frupalina.is\/wp-content\/uploads\/2022\/04\/Fru-Palina-47.jpg\" \/>\n\t<meta property=\"og:image:width\" content=\"2048\" \/>\n\t<meta property=\"og:image:height\" content=\"1451\" \/>\n\t<meta property=\"og:image:type\" content=\"image\/jpeg\" \/>\n<meta name=\"twitter:card\" content=\"summary_large_image\" \/>\n<meta name=\"twitter:label1\" content=\"Est. reading time\" \/>\n\t<meta name=\"twitter:data1\" content=\"1 minute\" \/>\n<script type=\"application\/ld+json\" class=\"yoast-schema-graph\">{\"@context\":\"https:\/\/schema.org\",\"@graph\":[{\"@type\":\"WebPage\",\"@id\":\"https:\/\/www.frupalina.is\/product\/eyrarros-ennisband\/\",\"url\":\"https:\/\/www.frupalina.is\/product\/eyrarros-ennisband\/\",\"name\":\"[:en]Eyrarros Headband (Artic River Beauty)[:is]Eyrarr\u00f3s Ennisband[:] - Fr\u00fa P\u00e1l\u00edna\",\"isPartOf\":{\"@id\":\"https:\/\/www.frupalina.is\/#website\"},\"datePublished\":\"2022-07-05T11:14:42+00:00\",\"dateModified\":\"2022-07-12T00:01:01+00:00\",\"description\":\"Fr\u00fa P\u00e1l\u00edna designs wool products from Icelandic wool. The spun and knitted wool becomes a light and beautiful garment.\",\"breadcrumb\":{\"@id\":\"https:\/\/www.frupalina.is\/product\/eyrarros-ennisband\/#breadcrumb\"},\"inLanguage\":\"is-IS\",\"potentialAction\":[{\"@type\":\"ReadAction\",\"target\":[\"https:\/\/www.frupalina.is\/product\/eyrarros-ennisband\/\"]}]},{\"@type\":\"BreadcrumbList\",\"@id\":\"https:\/\/www.frupalina.is\/product\/eyrarros-ennisband\/#breadcrumb\",\"itemListElement\":[{\"@type\":\"ListItem\",\"position\":1,\"name\":\"Home\",\"item\":\"https:\/\/www.frupalina.is\/\"},{\"@type\":\"ListItem\",\"position\":2,\"name\":\"Shop\",\"item\":\"https:\/\/www.frupalina.is\/\"},{\"@type\":\"ListItem\",\"position\":3,\"name\":\"Eyrarros Headband (Artic River Beauty)\"}]},{\"@type\":\"WebSite\",\"@id\":\"https:\/\/www.frupalina.is\/#website\",\"url\":\"https:\/\/www.frupalina.is\/\",\"name\":\"Fr\u00fa P\u00e1l\u00edna\",\"description\":\"\u00cdslensk H\u00f6nnun, \u00cdslenskt Handverk.\",\"publisher\":{\"@id\":\"https:\/\/www.frupalina.is\/#organization\"},\"potentialAction\":[{\"@type\":\"SearchAction\",\"target\":{\"@type\":\"EntryPoint\",\"urlTemplate\":\"https:\/\/www.frupalina.is\/?s={search_term_string}\"},\"query-input\":\"required name=search_term_string\"}],\"inLanguage\":\"is-IS\"},{\"@type\":\"Organization\",\"@id\":\"https:\/\/www.frupalina.is\/#organization\",\"name\":\"Fr\u00fa P\u00e1l\u00edna\",\"url\":\"https:\/\/www.frupalina.is\/\",\"logo\":{\"@type\":\"ImageObject\",\"inLanguage\":\"is-IS\",\"@id\":\"https:\/\/www.frupalina.is\/#\/schema\/logo\/image\/\",\"url\":\"https:\/\/www.frupalina.is\/wp-content\/uploads\/2020\/03\/logo-small.png\",\"contentUrl\":\"https:\/\/www.frupalina.is\/wp-content\/uploads\/2020\/03\/logo-small.png\",\"width\":390,\"height\":145,\"caption\":\"Fr\u00fa P\u00e1l\u00edna\"},\"image\":{\"@id\":\"https:\/\/www.frupalina.is\/#\/schema\/logo\/image\/\"}}]}<\/script>\n<!-- \/ Yoast SEO plugin. -->","yoast_head_json":{"title":"Eyrarr\u00f3s Ennisband - Fr\u00fa P\u00e1l\u00edna","description":"Fr\u00fa P\u00e1l\u00edna designs wool products from Icelandic wool. The spun and knitted wool becomes a light and beautiful garment.","robots":{"index":"index","follow":"follow","max-snippet":"max-snippet:-1","max-image-preview":"max-image-preview:large","max-video-preview":"max-video-preview:-1"},"canonical":"https:\/\/www.frupalina.is\/product\/eyrarros-ennisband\/","og_locale":"is_IS","og_type":"article","og_title":"[:en]Eyrarros Headband (Artic River Beauty)[:is]Eyrarr\u00f3s Ennisband[:] - Fr\u00fa P\u00e1l\u00edna","og_description":"Fr\u00fa P\u00e1l\u00edna designs wool products from Icelandic wool. The spun and knitted wool becomes a light and beautiful garment.","og_url":"https:\/\/www.frupalina.is\/product\/eyrarros-ennisband\/","og_site_name":"Fr\u00fa P\u00e1l\u00edna","article_modified_time":"2022-07-12T00:01:01+00:00","og_image":[{"width":2048,"height":1451,"url":"https:\/\/www.frupalina.is\/wp-content\/uploads\/2022\/04\/Fru-Palina-47.jpg","type":"image\/jpeg"}],"twitter_card":"summary_large_image","twitter_misc":{"Est. reading time":"1 minute"},"schema":{"@context":"https:\/\/schema.org","@graph":[{"@type":"WebPage","@id":"https:\/\/www.frupalina.is\/product\/eyrarros-ennisband\/","url":"https:\/\/www.frupalina.is\/product\/eyrarros-ennisband\/","name":"[:en]Eyrarros Headband (Artic River Beauty)[:is]Eyrarr\u00f3s Ennisband[:] - Fr\u00fa P\u00e1l\u00edna","isPartOf":{"@id":"https:\/\/www.frupalina.is\/#website"},"datePublished":"2022-07-05T11:14:42+00:00","dateModified":"2022-07-12T00:01:01+00:00","description":"Fr\u00fa P\u00e1l\u00edna designs wool products from Icelandic wool. The spun and knitted wool becomes a light and beautiful garment.","breadcrumb":{"@id":"https:\/\/www.frupalina.is\/product\/eyrarros-ennisband\/#breadcrumb"},"inLanguage":"is-IS","potentialAction":[{"@type":"ReadAction","target":["https:\/\/www.frupalina.is\/product\/eyrarros-ennisband\/"]}]},{"@type":"BreadcrumbList","@id":"https:\/\/www.frupalina.is\/product\/eyrarros-ennisband\/#breadcrumb","itemListElement":[{"@type":"ListItem","position":1,"name":"Home","item":"https:\/\/www.frupalina.is\/"},{"@type":"ListItem","position":2,"name":"Shop","item":"https:\/\/www.frupalina.is\/"},{"@type":"ListItem","position":3,"name":"Eyrarros Headband (Artic River Beauty)"}]},{"@type":"WebSite","@id":"https:\/\/www.frupalina.is\/#website","url":"https:\/\/www.frupalina.is\/","name":"Fr\u00fa P\u00e1l\u00edna","description":"\u00cdslensk H\u00f6nnun, \u00cdslenskt Handverk.","publisher":{"@id":"https:\/\/www.frupalina.is\/#organization"},"potentialAction":[{"@type":"SearchAction","target":{"@type":"EntryPoint","urlTemplate":"https:\/\/www.frupalina.is\/?s={search_term_string}"},"query-input":"required name=search_term_string"}],"inLanguage":"is-IS"},{"@type":"Organization","@id":"https:\/\/www.frupalina.is\/#organization","name":"Fr\u00fa P\u00e1l\u00edna","url":"https:\/\/www.frupalina.is\/","logo":{"@type":"ImageObject","inLanguage":"is-IS","@id":"https:\/\/www.frupalina.is\/#\/schema\/logo\/image\/","url":"https:\/\/www.frupalina.is\/wp-content\/uploads\/2020\/03\/logo-small.png","contentUrl":"https:\/\/www.frupalina.is\/wp-content\/uploads\/2020\/03\/logo-small.png","width":390,"height":145,"caption":"Fr\u00fa P\u00e1l\u00edna"},"image":{"@id":"https:\/\/www.frupalina.is\/#\/schema\/logo\/image\/"}}]}},"jetpack_sharing_enabled":true,"_links":{"self":[{"href":"https:\/\/www.frupalina.is\/is\/wp-json\/wp\/v2\/product\/256","targetHints":{"allow":["GET"]}}],"collection":[{"href":"https:\/\/www.frupalina.is\/is\/wp-json\/wp\/v2\/product"}],"about":[{"href":"https:\/\/www.frupalina.is\/is\/wp-json\/wp\/v2\/types\/product"}],"wp:featuredmedia":[{"embeddable":true,"href":"https:\/\/www.frupalina.is\/is\/wp-json\/wp\/v2\/media\/155"}],"wp:attachment":[{"href":"https:\/\/www.frupalina.is\/is\/wp-json\/wp\/v2\/media?parent=256"}],"wp:term":[{"taxonomy":"product_cat","embeddable":true,"href":"https:\/\/www.frupalina.is\/is\/wp-json\/wp\/v2\/product_cat?post=256"},{"taxonomy":"product_tag","embeddable":true,"href":"https:\/\/www.frupalina.is\/is\/wp-json\/wp\/v2\/product_tag?post=256"}],"curies":[{"name":"wp","href":"https:\/\/api.w.org\/{rel}","templated":true}]}}